{"id":61,"date":"2020-01-23T18:21:52","date_gmt":"2020-01-23T18:21:52","guid":{"rendered":"https:\/\/demosites.io\/web-agency-gb\/?page_id=61"},"modified":"2025-12-03T09:26:36","modified_gmt":"2025-12-03T14:26:36","slug":"15c42-web-agency-gb-about-us","status":"publish","type":"page","link":"https:\/\/apexfuelconsulting.com\/index.php\/15c42-web-agency-gb-about-us\/","title":{"rendered":"About Us"},"content":{"rendered":"\n<div class=\"wp-block-cover alignfull\" style=\"min-height:300px;aspect-ratio:unset;\"><span aria-hidden=\"true\" class=\"wp-block-cover__background has-nv-site-bg-background-color has-background-dim-100 has-background-dim\"><\/span><div class=\"wp-block-cover__inner-container is-layout-flow wp-block-cover-is-layout-flow\">\n<div class=\"wp-block-group\"><div class=\"wp-block-group__inner-container is-layout-flow wp-block-group-is-layout-flow\">\n<h1 class=\"wp-block-heading has-text-align-left has-neve-text-color-color has-text-color\">About Us<\/h1>\n<\/div><\/div>\n<\/div><\/div>\n\n\n\n<div class=\"wp-block-cover alignfull\" style=\"min-height:600px;aspect-ratio:unset;\"><span aria-hidden=\"true\" class=\"wp-block-cover__background has-nv-light-bg-background-color has-background-dim-100 has-background-dim\"><\/span><div class=\"wp-block-cover__inner-container is-layout-flow wp-block-cover-is-layout-flow\">\n<div class=\"wp-block-group\"><div class=\"wp-block-group__inner-container is-layout-flow wp-block-group-is-layout-flow\">\n<div style=\"height:80px\" aria-hidden=\"true\" class=\"wp-block-spacer\"><\/div>\n\n\n\n<div class=\"wp-block-columns are-vertically-aligned-center has-neve-text-color-color has-text-color is-layout-flex wp-container-core-columns-is-layout-9d6595d7 wp-block-columns-is-layout-flex\">\n<div class=\"wp-block-column is-vertically-aligned-center is-layout-flow wp-block-column-is-layout-flow\" style=\"flex-basis:50%\">\n<figure class=\"wp-block-image size-large\"><img loading=\"lazy\" decoding=\"async\" width=\"600\" height=\"600\" src=\"http:\/\/apexfuelconsulting.com\/wp-content\/uploads\/2020\/01\/neve-web-design-bg-09.jpg\" alt=\"\" class=\"wp-image-36\" srcset=\"https:\/\/apexfuelconsulting.com\/wp-content\/uploads\/2020\/01\/neve-web-design-bg-09.jpg 600w, https:\/\/apexfuelconsulting.com\/wp-content\/uploads\/2020\/01\/neve-web-design-bg-09-300x300.jpg 300w, https:\/\/apexfuelconsulting.com\/wp-content\/uploads\/2020\/01\/neve-web-design-bg-09-150x150.jpg 150w\" sizes=\"auto, (max-width: 600px) 100vw, 600px\" \/><\/figure>\n<\/div>\n\n\n\n<div class=\"wp-block-column is-vertically-aligned-center is-layout-flow wp-block-column-is-layout-flow\" style=\"flex-basis:50%\">\n<h2 class=\"wp-block-heading has-neve-text-color-color has-text-color\">Nuestra historia<\/h2>\n\n\n\n<p class=\"has-neve-text-color-color has-text-color\">M\u00e1s que consultores, somos sus socios estrat\u00e9gicos en el terreno<\/p>\n\n\n\n<p>En <strong>Apex Fuel Consulting<\/strong>, transformamos su inversi\u00f3n en una estaci\u00f3n de servicio operativa y rentable. Sabemos que el \u00e9xito de un proyecto no depende solo de comprar los mejores equipos, sino de tener una direcci\u00f3n clara que elimine los errores de gesti\u00f3n y los sobrecostos.<\/p>\n\n\n\n<p>Nos especializamos en ser el <strong>Project Manager<\/strong> que su obra necesita: un socio que entiende tanto la parte t\u00e9cnica como el negocio.<\/p>\n\n\n\n<hr class=\"wp-block-separator has-alpha-channel-opacity\"\/>\n\n\n\n<h3 class=\"wp-block-heading\">Nuestra Propuesta de Valor<\/h3>\n\n\n\n<p>Con 28 a\u00f1os de experiencia en la industria, identificamos que la mayor\u00eda de los proyectos fallan por falta de liderazgo global, no por falta de materiales. Para solucionar esto, le ofrecemos:<\/p>\n\n\n\n<ul class=\"wp-block-list\">\n<li><strong>Maximizaci\u00f3n de la Inversi\u00f3n:<\/strong> Cuidamos sus recursos como si fueran nuestros, evitando gastos innecesarios.<\/li>\n\n\n\n<li><strong>Independencia Total:<\/strong> Al no estar atados a un solo proveedor, seleccionamos los mejores productos del mercado al mejor precio real, adapt\u00e1ndonos exclusivamente a su presupuesto.<\/li>\n\n\n\n<li><strong>Ejecuci\u00f3n Controlada:<\/strong> Garantizamos tiempos acotados para una puesta en marcha r\u00e1pida, ordenada y sin sorpresas.<\/li>\n<\/ul>\n\n\n\n<hr class=\"wp-block-separator has-alpha-channel-opacity\"\/>\n\n\n\n<h3 class=\"wp-block-heading\">Nuestra Historia: \u00bfPor qu\u00e9 nace Apex?<\/h3>\n\n\n\n<p>Apex Fuel Consulting surge de una realidad observada en campo a lo largo de casi tres d\u00e9cadas.<\/p>\n\n\n\n<p>Durante 28 a\u00f1os de trayectoria en la automatizaci\u00f3n y construcci\u00f3n de estaciones de combustible, fuimos testigos de un patr\u00f3n recurrente: clientes con grandes expectativas y excelentes materiales cuyos proyectos fallaban o se retrasaban indefinidamente por la ausencia de una figura que liderara la visi\u00f3n global.<\/p>\n\n\n\n<p>Comprendimos que el due\u00f1o de la estaci\u00f3n necesita m\u00e1s que un vendedor; necesita un aliado.<\/p>\n\n\n\n<p class=\"has-neve-text-color-color has-text-color\">Identificando esta necesidad cr\u00edtica, fundamos Apex con una misi\u00f3n clara: convertirnos en ese socio estrat\u00e9gico que protege los intereses del nuevo due\u00f1o. Hoy, nuestra experiencia nos permite filtrar las mejores opciones del mercado y asegurar que su proyecto no solo se construya, sino que se convierta en un negocio exitoso desde el primer d\u00eda.<\/p>\n<\/div>\n<\/div>\n\n\n\n<div style=\"height:40px\" aria-hidden=\"true\" class=\"wp-block-spacer\"><\/div>\n<\/div><\/div>\n<\/div><\/div>\n\n\n\n<div class=\"wp-block-cover alignfull\" style=\"min-height:600px;aspect-ratio:unset;\"><span aria-hidden=\"true\" class=\"wp-block-cover__background has-nv-dark-bg-background-color has-background-dim-100 has-background-dim\"><\/span><div class=\"wp-block-cover__inner-container is-layout-flow wp-block-cover-is-layout-flow\">\n<div class=\"wp-block-group\"><div class=\"wp-block-group__inner-container is-layout-flow wp-block-group-is-layout-flow\">\n<div style=\"height:80px\" aria-hidden=\"true\" class=\"wp-block-spacer\"><\/div>\n\n\n\n<div class=\"wp-block-columns are-vertically-aligned-center is-layout-flex wp-container-core-columns-is-layout-9d6595d7 wp-block-columns-is-layout-flex\">\n<div class=\"wp-block-column is-vertically-aligned-center is-layout-flow wp-block-column-is-layout-flow\" style=\"flex-basis:50%\">\n<h2 class=\"wp-block-heading has-nv-text-dark-bg-color has-text-color\"><strong>Nuestra \u00c9tica de Trabajo<\/strong><\/h2>\n\n\n\n<p class=\"has-nv-text-dark-bg-color has-text-color\"><\/p>\n\n\n\n<p class=\"has-nv-text-dark-bg-color has-text-color\">El esp\u00edritu de Apex se basa en la integridad, la innovaci\u00f3n tecnol\u00f3gica y la optimizaci\u00f3n constante de procesos. Aplicamos estos principios rigurosamente para asegurar un trato transparente y objetivos claros. Trabajamos con la misma dedicaci\u00f3n y profesionalismo tanto para emprendedores que inician su primera estaci\u00f3n como para grandes cadenas establecidas.<\/p>\n\n\n\n<div class=\"wp-block-buttons is-layout-flex wp-block-buttons-is-layout-flex\">\n<div class=\"wp-block-button is-style-primary\"><a class=\"wp-block-button__link wp-element-button\" href=\"https:\/\/apexfuelconsulting.com\/web-agency-gb-contact-us\/\">LET\u2019S TALK<\/a><\/div>\n<\/div>\n<\/div>\n\n\n\n<div class=\"wp-block-column is-vertically-aligned-center is-layout-flow wp-block-column-is-layout-flow\" style=\"flex-basis:50%\">\n<figure class=\"wp-block-image size-large\"><img loading=\"lazy\" decoding=\"async\" width=\"600\" height=\"600\" src=\"http:\/\/apexfuelconsulting.com\/wp-content\/uploads\/2020\/01\/neve-web-design-bg-12.jpg\" alt=\"\" class=\"wp-image-39\" srcset=\"https:\/\/apexfuelconsulting.com\/wp-content\/uploads\/2020\/01\/neve-web-design-bg-12.jpg 600w, https:\/\/apexfuelconsulting.com\/wp-content\/uploads\/2020\/01\/neve-web-design-bg-12-300x300.jpg 300w, https:\/\/apexfuelconsulting.com\/wp-content\/uploads\/2020\/01\/neve-web-design-bg-12-150x150.jpg 150w\" sizes=\"auto, (max-width: 600px) 100vw, 600px\" \/><\/figure>\n<\/div>\n<\/div>\n\n\n\n<div style=\"height:40px\" aria-hidden=\"true\" class=\"wp-block-spacer\"><\/div>\n<\/div><\/div>\n<\/div><\/div>\n\n\n\n<div class=\"wp-block-cover alignfull\" style=\"min-height:420px;aspect-ratio:unset;\"><span aria-hidden=\"true\" class=\"wp-block-cover__background has-nv-site-bg-background-color has-background-dim-100 has-background-dim\"><\/span><div class=\"wp-block-cover__inner-container is-layout-flow wp-block-cover-is-layout-flow\">\n<div style=\"height:80px\" aria-hidden=\"true\" class=\"wp-block-spacer\"><\/div>\n\n\n\n<div class=\"wp-block-columns is-layout-flex wp-container-core-columns-is-layout-9d6595d7 wp-block-columns-is-layout-flex\">\n<div class=\"wp-block-column ticss-4ce656f1 is-layout-flow wp-block-column-is-layout-flow\">\n<figure class=\"wp-block-image size-large icon-style is-style-rounded\"><img loading=\"lazy\" decoding=\"async\" width=\"72\" height=\"72\" src=\"http:\/\/apexfuelconsulting.com\/wp-content\/uploads\/2020\/01\/neve-webdesign-GB-03.png\" alt=\"\" class=\"wp-image-20\"\/><\/figure>\n\n\n\n<div style=\"height:24px\" aria-hidden=\"true\" class=\"wp-block-spacer\"><\/div>\n\n\n\n<h3 class=\"wp-block-heading has-text-align-left has-text-align-center has-neve-text-color-color has-text-color\"><strong>Eficiencia M\u00e1xima<\/strong><\/h3>\n\n\n\n<p class=\"has-text-align-left has-neve-text-color-color has-text-color\"> Aseguramos una entrega \u00e1gil y precisa en cada proyecto, optimizando al m\u00e1ximo su tiempo y maximizando el retorno de su inversi\u00f3n.<\/p>\n\n\n\n<div style=\"height:20px\" aria-hidden=\"true\" class=\"wp-block-spacer\"><\/div>\n<\/div>\n\n\n\n<div class=\"wp-block-column ticss-f6fc7494 is-layout-flow wp-block-column-is-layout-flow\">\n<figure class=\"wp-block-image size-large icon-style is-style-rounded\"><img loading=\"lazy\" decoding=\"async\" width=\"72\" height=\"72\" src=\"http:\/\/apexfuelconsulting.com\/wp-content\/uploads\/2020\/01\/neve-webdesign-GB-03.png\" alt=\"\" class=\"wp-image-20\"\/><\/figure>\n\n\n\n<div style=\"height:24px\" aria-hidden=\"true\" class=\"wp-block-spacer\"><\/div>\n\n\n\n<h3 class=\"wp-block-heading has-text-align-left has-text-align-center has-neve-text-color-color has-text-color\"><strong>Compromiso Total<\/strong> <\/h3>\n\n\n\n<p class=\"has-text-align-left has-neve-text-color-color has-text-color\">Dedicados a su \u00e9xito, le ofrecemos soporte personalizado y una visi\u00f3n estrat\u00e9gica basada en datos y experiencia para potenciar su negocio.<\/p>\n\n\n\n<div style=\"height:20px\" aria-hidden=\"true\" class=\"wp-block-spacer\"><\/div>\n<\/div>\n\n\n\n<div class=\"wp-block-column ticss-a5b4df29 is-layout-flow wp-block-column-is-layout-flow\">\n<figure class=\"wp-block-image size-large icon-style is-style-rounded\"><img loading=\"lazy\" decoding=\"async\" width=\"72\" height=\"72\" src=\"http:\/\/apexfuelconsulting.com\/wp-content\/uploads\/2020\/01\/neve-webdesign-GB-03.png\" alt=\"\" class=\"wp-image-20\"\/><\/figure>\n\n\n\n<div style=\"height:24px\" aria-hidden=\"true\" class=\"wp-block-spacer\"><\/div>\n\n\n\n<h3 class=\"wp-block-heading has-text-align-left has-text-align-center has-neve-text-color-color has-text-color\"><strong>Expertos de Primer Nivel<\/strong> <\/h3>\n\n\n\n<p class=\"has-text-align-left has-neve-text-color-color has-text-color\">Contamos con la m\u00e1xima especializaci\u00f3n en la industria del combustible. Combinamos conocimiento t\u00e9cnico y experiencia pr\u00e1ctica para desarrollar soluciones de vanguardia adaptadas a su proyecto.<\/p>\n\n\n\n<div style=\"height:20px\" aria-hidden=\"true\" class=\"wp-block-spacer\"><\/div>\n<\/div>\n<\/div>\n\n\n\n<div style=\"height:30px\" aria-hidden=\"true\" class=\"wp-block-spacer\"><\/div>\n<\/div><\/div>\n\n\n\n<div class=\"wp-block-cover alignfull\" style=\"min-height:600px;aspect-ratio:unset;\"><span aria-hidden=\"true\" class=\"wp-block-cover__background has-nv-light-bg-background-color has-background-dim-100 has-background-dim\"><\/span><div class=\"wp-block-cover__inner-container is-layout-flow wp-block-cover-is-layout-flow\">\n<p class=\"has-text-align-center has-large-font-size\"><\/p>\n<\/div><\/div>\n","protected":false},"excerpt":{"rendered":"","protected":false},"author":1,"featured_media":0,"parent":0,"menu_order":0,"comment_status":"closed","ping_status":"closed","template":"","meta":{"neve_meta_sidebar":"default","neve_meta_container":"default","neve_meta_enable_content_width":"on","neve_meta_content_width":100,"neve_meta_title_alignment":"","neve_meta_author_avatar":"","neve_post_elements_order":"","neve_meta_disable_header":"","neve_meta_disable_footer":"","neve_meta_disable_title":"on","_themeisle_gutenberg_block_has_review":false,"footnotes":""},"class_list":["post-61","page","type-page","status-publish","hentry"],"_links":{"self":[{"href":"https:\/\/apexfuelconsulting.com\/index.php\/wp-json\/wp\/v2\/pages\/61","targetHints":{"allow":["GET"]}}],"collection":[{"href":"https:\/\/apexfuelconsulting.com\/index.php\/wp-json\/wp\/v2\/pages"}],"about":[{"href":"https:\/\/apexfuelconsulting.com\/index.php\/wp-json\/wp\/v2\/types\/page"}],"author":[{"embeddable":true,"href":"https:\/\/apexfuelconsulting.com\/index.php\/wp-json\/wp\/v2\/users\/1"}],"replies":[{"embeddable":true,"href":"https:\/\/apexfuelconsulting.com\/index.php\/wp-json\/wp\/v2\/comments?post=61"}],"version-history":[{"count":3,"href":"https:\/\/apexfuelconsulting.com\/index.php\/wp-json\/wp\/v2\/pages\/61\/revisions"}],"predecessor-version":[{"id":391,"href":"https:\/\/apexfuelconsulting.com\/index.php\/wp-json\/wp\/v2\/pages\/61\/revisions\/391"}],"wp:attachment":[{"href":"https:\/\/apexfuelconsulting.com\/index.php\/wp-json\/wp\/v2\/media?parent=61"}],"curies":[{"name":"wp","href":"https:\/\/api.w.org\/{rel}","templated":true}]}}