{"id":309,"date":"2020-01-13T11:17:52","date_gmt":"2020-01-13T11:17:52","guid":{"rendered":"https:\/\/demosites.io\/web-agency-gb\/?page_id=5"},"modified":"2025-12-03T09:19:32","modified_gmt":"2025-12-03T14:19:32","slug":"15c42-web-agency-gb-home","status":"publish","type":"page","link":"https:\/\/apexfuelconsulting.com\/","title":{"rendered":"Home"},"content":{"rendered":"\n<div class=\"wp-block-cover alignfull is-light\" style=\"min-height:700px;aspect-ratio:unset;\"><img loading=\"lazy\" decoding=\"async\" width=\"1366\" height=\"768\" class=\"wp-block-cover__image-background wp-image-109\" alt=\"\" src=\"http:\/\/apexfuelconsulting.com\/wp-content\/uploads\/2020\/07\/web-design-studio-01.jpg.jpg\" style=\"object-position:50% 64%\" data-object-fit=\"cover\" data-object-position=\"50% 64%\" srcset=\"https:\/\/apexfuelconsulting.com\/wp-content\/uploads\/2020\/07\/web-design-studio-01.jpg.jpg 1366w, https:\/\/apexfuelconsulting.com\/wp-content\/uploads\/2020\/07\/web-design-studio-01.jpg-300x169.jpg 300w\" sizes=\"auto, (max-width: 1366px) 100vw, 1366px\" \/><span aria-hidden=\"true\" class=\"wp-block-cover__background has-background-dim-0 has-background-dim\"><\/span><div class=\"wp-block-cover__inner-container is-layout-flow wp-block-cover-is-layout-flow\">\n<div style=\"height:80px\" aria-hidden=\"true\" class=\"wp-block-spacer\"><\/div>\n\n\n\n<h1 class=\"wp-block-heading has-text-align-center has-text-color\" style=\"color:#121212\">Apex Fuel Consulting<\/h1>\n\n\n\n<p class=\"has-text-align-center has-text-color\" style=\"color:#121212\">En <strong>Apex Fuel Consulting<\/strong>, entendemos que la inversi\u00f3n en una estaci\u00f3n de combustible es una decisi\u00f3n crucial. Con <strong>d\u00e9cadas de experiencia<\/strong> en la industria, desde la automatizaci\u00f3n y el dise\u00f1o hasta la gesti\u00f3n y la venta de equipos, somos tu aliado experto para asegurar una <strong>compra inteligente y un dise\u00f1o a prueba de futuro<\/strong>.<\/p>\n\n\n\n<p>Nuestra misi\u00f3n es guiar a los nuevos propietarios para que adquieran los equipos adecuados y desarrollen una infraestructura que no solo satisfaga las necesidades actuales, sino que tambi\u00e9n permita una <strong>expansi\u00f3n y un crecimiento sostenibles<\/strong> a largo plazo. Desde la selecci\u00f3n de la tecnolog\u00eda m\u00e1s eficiente hasta la optimizaci\u00f3n del dise\u00f1o operacional, te ofrecemos el conocimiento profundo y la visi\u00f3n estrat\u00e9gica que solo a\u00f1os de experiencia pueden brindar.<\/p>\n\n\n\n<p class=\"has-text-align-center has-text-color\" style=\"color:#121212\"><strong>Invierte con confianza. Dise\u00f1a para el futuro.<\/strong> Con Apex Fuel Consulting, tu \u00e9xito es nuestra prioridad.<\/p>\n\n\n\n<div class=\"wp-block-buttons is-horizontal is-content-justification-center is-layout-flex wp-container-core-buttons-is-layout-499968f5 wp-block-buttons-is-layout-flex\">\n<div class=\"wp-block-button is-style-primary\"><a class=\"wp-block-button__link wp-element-button\" href=\"https:\/\/apexfuelconsulting.com\/web-agency-gb-about-us\/\">CONOCE MAS<\/a><\/div>\n\n\n\n<div class=\"wp-block-button is-style-secondary\"><a class=\"wp-block-button__link wp-element-button\" href=\"https:\/\/apexfuelconsulting.com\/web-agency-gb-contact-us\/\">HIRE US<\/a><\/div>\n<\/div>\n\n\n\n<div style=\"height:80px\" aria-hidden=\"true\" class=\"wp-block-spacer\"><\/div>\n\n\n\n<div style=\"height:80px\" aria-hidden=\"true\" class=\"wp-block-spacer\"><\/div>\n<\/div><\/div>\n\n\n\n<div style=\"height:80px\" aria-hidden=\"true\" class=\"wp-block-spacer\"><\/div>\n\n\n\n<div class=\"wp-block-columns is-layout-flex wp-container-core-columns-is-layout-9d6595d7 wp-block-columns-is-layout-flex\">\n<div class=\"wp-block-column is-layout-flow wp-block-column-is-layout-flow\"><div class=\"wp-block-image icon-style is-style-rounded\">\n<figure class=\"aligncenter size-large\"><img loading=\"lazy\" decoding=\"async\" width=\"72\" height=\"72\" src=\"http:\/\/apexfuelconsulting.com\/wp-content\/uploads\/2020\/01\/neve-webdesign-GB-03.png\" alt=\"\" class=\"wp-image-20\" title=\"\"\/><\/figure>\n<\/div>\n\n\n<div style=\"height:20px\" aria-hidden=\"true\" class=\"wp-block-spacer\"><\/div>\n\n\n\n<h3 class=\"wp-block-heading has-text-align-center has-neve-text-color-color has-text-color\"><strong>Inversi\u00f3n Definida y Sin Sorpresas<\/strong><\/h3>\n\n\n\n<p class=\"has-text-align-center\"> Como su socio estrat\u00e9gico, nuestra prioridad es la transparencia. Le presentamos los costos por adelantado para que tenga el control total de sus recursos. Disfrute de la tranquilidad de ejecutar su obra con un presupuesto blindado.<\/p>\n\n\n\n<div style=\"height:20px\" aria-hidden=\"true\" class=\"wp-block-spacer\"><\/div>\n<\/div>\n\n\n\n<div class=\"wp-block-column is-layout-flow wp-block-column-is-layout-flow\"><div class=\"wp-block-image icon-style is-style-rounded\">\n<figure class=\"aligncenter size-large\"><img loading=\"lazy\" decoding=\"async\" width=\"72\" height=\"72\" src=\"http:\/\/apexfuelconsulting.com\/wp-content\/uploads\/2020\/01\/neve-webdesign-GB-04.png\" alt=\"\" class=\"wp-image-21\"\/><\/figure>\n<\/div>\n\n\n<div style=\"height:20px\" aria-hidden=\"true\" class=\"wp-block-spacer\"><\/div>\n\n\n\n<h3 class=\"wp-block-heading has-text-align-center has-neve-text-color-color has-text-color\">Cumplimiento Estricto de Cronogramas<\/h3>\n\n\n\n<p class=\"has-text-align-center\">Garantizamos tiempos de ejecuci\u00f3n acotados y controlados. Coordinamos cada etapa de la obra para asegurar un flujo de trabajo continuo, permitiendo una transici\u00f3n ordenada hacia la inauguraci\u00f3n de su proyecto.<\/p>\n\n\n\n<div style=\"height:20px\" aria-hidden=\"true\" class=\"wp-block-spacer\"><\/div>\n<\/div>\n\n\n\n<div class=\"wp-block-column is-layout-flow wp-block-column-is-layout-flow\"><div class=\"wp-block-image icon-style is-style-rounded\">\n<figure class=\"aligncenter size-large\"><img loading=\"lazy\" decoding=\"async\" width=\"72\" height=\"72\" src=\"http:\/\/apexfuelconsulting.com\/wp-content\/uploads\/2020\/01\/neve-webdesign-GB-01.png\" alt=\"\" class=\"wp-image-18\"\/><\/figure>\n<\/div>\n\n\n<div style=\"height:20px\" aria-hidden=\"true\" class=\"wp-block-spacer\"><\/div>\n\n\n\n<h3 class=\"wp-block-heading has-text-align-center has-neve-text-color-color has-text-color\"><strong>Agilidad en la Gesti\u00f3n<\/strong><\/h3>\n\n\n\n<p class=\"has-text-align-center\"> Olvide los procesos lentos. Transformamos su visi\u00f3n en una estaci\u00f3n operativa con rapidez, asegurando un avance fluido y constante en cada etapa del proyecto.<\/p>\n\n\n\n<div style=\"height:20px\" aria-hidden=\"true\" class=\"wp-block-spacer\"><\/div>\n<\/div>\n<\/div>\n\n\n\n<div class=\"wp-block-cover alignfull\" style=\"min-height:600px;aspect-ratio:unset;\"><span aria-hidden=\"true\" class=\"wp-block-cover__background has-nv-site-bg-background-color has-background-dim-100 has-background-dim\"><\/span><div class=\"wp-block-cover__inner-container is-layout-flow wp-block-cover-is-layout-flow\">\n<div class=\"wp-block-group\"><div class=\"wp-block-group__inner-container is-layout-flow wp-block-group-is-layout-flow\">\n<div style=\"height:80px\" aria-hidden=\"true\" class=\"wp-block-spacer\"><\/div>\n\n\n\n<div class=\"wp-block-columns are-vertically-aligned-center is-layout-flex wp-container-core-columns-is-layout-9d6595d7 wp-block-columns-is-layout-flex\">\n<div class=\"wp-block-column is-vertically-aligned-center is-layout-flow wp-block-column-is-layout-flow\" style=\"flex-basis:50%\">\n<h2 class=\"wp-block-heading has-text-align-left has-neve-text-color-color has-text-color\"><strong>Experiencia Multimarca<\/strong><\/h2>\n\n\n\n<p class=\"has-text-align-left has-neve-text-color-color has-text-color\" style=\"font-size:17px\"> Conozca nuestro trabajo reciente. Una muestra de proyectos exitosos que destacan nuestra capacidad para implementar los m\u00e1s altos est\u00e1ndares de imagen y tecnolog\u00eda, sin importar la bandera de la estaci\u00f3n.<\/p>\n\n\n\n<div class=\"wp-block-buttons is-horizontal is-content-justification-left is-layout-flex wp-container-core-buttons-is-layout-7e5fce0a wp-block-buttons-is-layout-flex\">\n<div class=\"wp-block-button is-style-primary\"><a class=\"wp-block-button__link wp-element-button\" href=\"https:\/\/apexfuelconsulting.com\/web-agency-gb-portfolio-single\/\">Conoce Mas<\/a><\/div>\n<\/div>\n\n\n\n<div style=\"height:40px\" aria-hidden=\"true\" class=\"wp-block-spacer\"><\/div>\n<\/div>\n\n\n\n<div class=\"wp-block-column is-vertically-aligned-center is-layout-flow wp-block-column-is-layout-flow\" style=\"flex-basis:50%\">\n<figure class=\"wp-block-image size-large\"><img loading=\"lazy\" decoding=\"async\" width=\"600\" height=\"600\" src=\"http:\/\/apexfuelconsulting.com\/wp-content\/uploads\/2020\/01\/neve-web-design-bg-13.jpg\" alt=\"\" class=\"wp-image-40\" srcset=\"https:\/\/apexfuelconsulting.com\/wp-content\/uploads\/2020\/01\/neve-web-design-bg-13.jpg 600w, https:\/\/apexfuelconsulting.com\/wp-content\/uploads\/2020\/01\/neve-web-design-bg-13-300x300.jpg 300w, https:\/\/apexfuelconsulting.com\/wp-content\/uploads\/2020\/01\/neve-web-design-bg-13-150x150.jpg 150w\" sizes=\"auto, (max-width: 600px) 100vw, 600px\" \/><\/figure>\n<\/div>\n<\/div>\n\n\n\n<div style=\"height:40px\" aria-hidden=\"true\" class=\"wp-block-spacer\"><\/div>\n<\/div><\/div>\n<\/div><\/div>\n\n\n\n<div class=\"wp-block-cover alignfull\" style=\"min-height:600px;aspect-ratio:unset;\"><span aria-hidden=\"true\" class=\"wp-block-cover__background has-nv-dark-bg-background-color has-background-dim-100 has-background-dim\"><\/span><div class=\"wp-block-cover__inner-container is-layout-flow wp-block-cover-is-layout-flow\">\n<div class=\"wp-block-group\"><div class=\"wp-block-group__inner-container is-layout-flow wp-block-group-is-layout-flow\">\n<div style=\"height:80px\" aria-hidden=\"true\" class=\"wp-block-spacer\"><\/div>\n\n\n\n<div class=\"wp-block-columns are-vertically-aligned-center is-layout-flex wp-container-core-columns-is-layout-9d6595d7 wp-block-columns-is-layout-flex\">\n<div class=\"wp-block-column is-vertically-aligned-center is-layout-flow wp-block-column-is-layout-flow\" style=\"flex-basis:50%\">\n<figure class=\"wp-block-image size-large\"><img loading=\"lazy\" decoding=\"async\" width=\"600\" height=\"600\" src=\"http:\/\/apexfuelconsulting.com\/wp-content\/uploads\/2020\/01\/neve-web-design-bg-08.jpg\" alt=\"\" class=\"wp-image-35\" srcset=\"https:\/\/apexfuelconsulting.com\/wp-content\/uploads\/2020\/01\/neve-web-design-bg-08.jpg 600w, https:\/\/apexfuelconsulting.com\/wp-content\/uploads\/2020\/01\/neve-web-design-bg-08-300x300.jpg 300w, https:\/\/apexfuelconsulting.com\/wp-content\/uploads\/2020\/01\/neve-web-design-bg-08-150x150.jpg 150w\" sizes=\"auto, (max-width: 600px) 100vw, 600px\" \/><\/figure>\n<\/div>\n\n\n\n<div class=\"wp-block-column is-vertically-aligned-center is-layout-flow wp-block-column-is-layout-flow\" style=\"flex-basis:50%\">\n<h2 class=\"wp-block-heading has-text-align-left has-nv-text-dark-bg-color has-text-color\">Lo que nos impulsa<\/h2>\n\n\n\n<p class=\"has-text-align-left has-nv-text-dark-bg-color has-text-color\" style=\"font-size:17px\"><strong>Integridad y Excelencia<\/strong><\/p>\n\n\n\n<p class=\"has-text-align-left has-nv-text-dark-bg-color has-text-color\" style=\"font-size:17px\">En el coraz\u00f3n de Apex Fuel Consulting existe un compromiso inquebrantable con la \u00e9tica y la calidad. Creemos firmemente en hacer lo correcto tanto para nuestros clientes como para nuestro equipo, garantizando que cada proyecto se gestione con el m\u00e1ximo profesionalismo, transparencia y respeto por la inversi\u00f3n ajena.<\/p>\n\n\n\n<p class=\"has-nv-text-dark-bg-color has-text-color has-link-color wp-elements-5a6b8aed42eb6d6b2e8a9a952fa57972\"><strong>Pasi\u00f3n por la Innovaci\u00f3n<\/strong><\/p>\n\n\n\n<p class=\"has-nv-text-dark-bg-color has-text-color has-link-color wp-elements-c06858ef2477b29d34653d7fb1f13466\">Nuestro proceso de trabajo est\u00e1 impulsado por la pasi\u00f3n por la industria. Nos esforzamos por innovar y superar los est\u00e1ndares tradicionales en la construcci\u00f3n y automatizaci\u00f3n, asegurando que cada estaci\u00f3n no solo sea funcional, sino t\u00e9cnicamente eficiente y preparada para el futuro.<\/p>\n\n\n\n<p class=\"has-text-align-left has-nv-text-dark-bg-color has-text-color\" style=\"font-size:17px\"><strong>Enfoque Centrado en el Cliente<\/strong><\/p>\n\n\n\n<p class=\"has-text-align-left has-nv-text-dark-bg-color has-text-color\" style=\"font-size:17px\">Su visi\u00f3n es nuestra misi\u00f3n. Priorizamos sus objetivos comerciales y necesidades espec\u00edficas, entregando un servicio personalizado y soluciones a la medida que se alinean perfectamente con su presupuesto y su modelo de negocio. No solo construimos estaciones; construimos relaciones de confianza.<\/p>\n<\/div>\n<\/div>\n\n\n\n<div style=\"height:50px\" aria-hidden=\"true\" class=\"wp-block-spacer\"><\/div>\n<\/div><\/div>\n<\/div><\/div>\n\n\n\n<div class=\"wp-block-cover alignfull\" style=\"min-height:300px;aspect-ratio:unset;\"><span aria-hidden=\"true\" class=\"wp-block-cover__background has-nv-dark-bg-background-color has-background-dim-100 has-background-dim\"><\/span><div class=\"wp-block-cover__inner-container is-layout-flow wp-block-cover-is-layout-flow\">\n<h2 class=\"wp-block-heading has-text-align-center has-nv-text-dark-bg-color has-text-color\">Trabajemos juntos en su proximo proyecto!<\/h2>\n\n\n\n<p class=\"has-text-align-center\">Todo proyecto es un camino complejo, y nuestra misi\u00f3n es acompa\u00f1arlo y asegurarle el \u00e9xito en cada etapa.<\/p>\n\n\n\n<div class=\"wp-block-buttons is-horizontal is-content-justification-center is-layout-flex wp-container-core-buttons-is-layout-499968f5 wp-block-buttons-is-layout-flex\">\n<div class=\"wp-block-button is-style-primary\"><a class=\"wp-block-button__link wp-element-button\" href=\"https:\/\/apexfuelconsulting.com\/web-agency-gb-contact-us\/\">CONOCE MAS<\/a><\/div>\n<\/div>\n\n\n\n<div style=\"height:140px\" aria-hidden=\"true\" class=\"wp-block-spacer\"><\/div>\n<\/div><\/div>\n","protected":false},"excerpt":{"rendered":"<p>Inversi\u00f3n Definida y Sin Sorpresas Como su socio estrat\u00e9gico, nuestra prioridad es la transparencia. Le presentamos los costos por adelantado para que tenga el control total de sus recursos. Disfrute de la tranquilidad de ejecutar su obra con un presupuesto blindado. Cumplimiento Estricto de Cronogramas Garantizamos tiempos de ejecuci\u00f3n acotados y controlados. Coordinamos cada etapa&hellip;&nbsp;<a href=\"https:\/\/apexfuelconsulting.com\/\" rel=\"bookmark\"><span class=\"screen-reader-text\">Home<\/span><\/a><\/p>\n","protected":false},"author":1,"featured_media":0,"parent":0,"menu_order":0,"comment_status":"closed","ping_status":"closed","template":"","meta":{"neve_meta_sidebar":"default","neve_meta_container":"default","neve_meta_enable_content_width":"on","neve_meta_content_width":100,"neve_meta_title_alignment":"","neve_meta_author_avatar":"","neve_post_elements_order":"","neve_meta_disable_header":"","neve_meta_disable_footer":"","neve_meta_disable_title":"on","_themeisle_gutenberg_block_has_review":false,"footnotes":""},"class_list":["post-309","page","type-page","status-publish","hentry"],"_links":{"self":[{"href":"https:\/\/apexfuelconsulting.com\/index.php\/wp-json\/wp\/v2\/pages\/309","targetHints":{"allow":["GET"]}}],"collection":[{"href":"https:\/\/apexfuelconsulting.com\/index.php\/wp-json\/wp\/v2\/pages"}],"about":[{"href":"https:\/\/apexfuelconsulting.com\/index.php\/wp-json\/wp\/v2\/types\/page"}],"author":[{"embeddable":true,"href":"https:\/\/apexfuelconsulting.com\/index.php\/wp-json\/wp\/v2\/users\/1"}],"replies":[{"embeddable":true,"href":"https:\/\/apexfuelconsulting.com\/index.php\/wp-json\/wp\/v2\/comments?post=309"}],"version-history":[{"count":6,"href":"https:\/\/apexfuelconsulting.com\/index.php\/wp-json\/wp\/v2\/pages\/309\/revisions"}],"predecessor-version":[{"id":388,"href":"https:\/\/apexfuelconsulting.com\/index.php\/wp-json\/wp\/v2\/pages\/309\/revisions\/388"}],"wp:attachment":[{"href":"https:\/\/apexfuelconsulting.com\/index.php\/wp-json\/wp\/v2\/media?parent=309"}],"curies":[{"name":"wp","href":"https:\/\/api.w.org\/{rel}","templated":true}]}}